{"id":35781,"date":"2022-07-22T08:15:39","date_gmt":"2022-07-22T08:15:39","guid":{"rendered":"https:\/\/volteco.com\/?page_id=35781"},"modified":"2023-10-12T08:22:45","modified_gmt":"2023-10-12T08:22:45","slug":"chat-e-whatsapp-privacy-policy","status":"publish","type":"page","link":"https:\/\/volteco.com\/it\/chat-e-whatsapp-privacy-policy","title":{"rendered":"Chatbot e WhatsApp\u00ae Privacy Policy"},"content":{"rendered":"<div class=\"wpb-content-wrapper\"><p>[vc_row][vc_column][vc_column_text]<\/p>\n<div class=\"textLayer\">\n<p><strong>INFORMATIVA SUL TRATTAMENTO DEI DATI PERSONALI<\/strong><\/p>\n<p>Volteco S.p.A., Via delle Industrie, 47 a Ponzano Veneto (TV), email <a href=\"mailto:volteco@volteco.com\">volteco@volteco.com<\/a>, in qualit\u00e0 di titolare del trattamento dei dati personali (di seguito \u201cTitolare\u201d), rilascia la presente informativa all\u2019Interessato nel rispetto della disciplina europea e italiana in materia di protezione dei dati personali.<\/p>\n<p>&nbsp;<\/p>\n<p><strong><u>Finalit\u00e0 e base giuridica del trattamento<\/u><\/strong><\/p>\n<p>Volteco S.p.A. tratta i dati personali comunicati attraverso il presente form\/mail\/telefono\/bot solo per rispondere alle richieste inoltrate, ad esempio per ottenere informazioni sui prodotti o servizi (compreso l\u2019invio della brochure, del catalogo e\/o di altro materiale informativo aziendale), per avere un preventivo, ecc.: il consenso non \u00e8 quindi richiesto perch\u00e9 il trattamento \u00e8 necessario per dare riscontro a tali richieste.<\/p>\n<p>&nbsp;<\/p>\n<p><strong><u>Periodo di conservazione dei dati<\/u><\/strong><\/p>\n<p>Qualora fossero richieste informazioni, i dati saranno trattati per il tempo necessario a dare riscontro; qualora fosse richiesto un preventivo, invece, i dati saranno trattati per un tempo massimo pari al doppio del periodo di efficacia della proposta, fatta salva l\u2019ulteriore conservazione per il tempo necessario alla definizione (comunque raggiunta) delle controversie eventualmente insorte.<\/p>\n<p>&nbsp;<\/p>\n<p><strong><u>Natura del conferimento dei dati e conseguenze in caso di rifiuto<\/u><\/strong><\/p>\n<p>Il conferimento dei dati \u00e8 strettamente correlato all\u2019utilizzo del form di contatto ed \u00e8 pertanto necessario per inoltrare la richiesta di informazioni: la mancata comunicazione, infatti, comporta l\u2019impossibilit\u00e0 di fornire le informazioni richieste.<\/p>\n<p>&nbsp;<\/p>\n<p><strong><u>Ambito di comunicazione dei dati e categorie di destinatari<\/u><\/strong><\/p>\n<p>Il Titolare non diffonder\u00e0 i dati, ma intende comunicarli a figure interne autorizzate al trattamento in ragione delle rispettive mansioni, nonch\u00e9 a professionisti o societ\u00e0 di servizi e ad Enti Pubblici e privati, anche a seguito di ispezioni e verifiche.<br \/>\nTali destinatari, ove dovessero trattare dati per conto del Titolare, saranno nominati responsabili del trattamento con apposito contratto o altro atto giuridico.<\/p>\n<p>&nbsp;<\/p>\n<p><strong><u>Trasferimento dati verso un Paese terzo e\/o un\u2019organizzazione internazionale<\/u><\/strong><\/p>\n<p>I dati personali non saranno oggetto di trasferimento n\u00e9 verso Paesi terzi non europei n\u00e9 verso organizzazioni internazionali.<\/p>\n<p>&nbsp;<\/p>\n<p><strong><u>Diritti degli interessati <\/u><\/strong><\/p>\n<p>\u00c8 diritto dell\u2019Interessato chiedere al Titolare di accedere ai propri dati personali e di rettificarli se inesatti, di cancellarli o limitarne il trattamento se ne ricorrono i presupposti, nonch\u00e9 di ottenere la portabilit\u00e0 dei dati personalmente comunicati.<\/p>\n<p>Per esercitare i propri diritti, l\u2019Interessato pu\u00f2 utilizzare il modulo disponibile <a href=\"https:\/\/www.garanteprivacy.it\/web\/guest\/home\/docweb\/-\/docweb-display\/docweb\/1089924\">qui<\/a> e inoltrarlo al Titolare al seguente recapito:<\/p>\n<p>VOLTECO S.p.A.<br \/>\nVia delle Industrie, 47<br \/>\n31050 Ponzano Veneto (TV)<br \/>\n<a href=\"http:\/\/www.volteco.com\">www.volteco.com<\/a>.<\/p>\n<p>L\u2019Interessato ha anche il diritto di proporre reclamo all\u2019autorit\u00e0 di controllo competente in materia, Garante per la protezione dei dati personali (<a href=\"https:\/\/www.garanteprivacy.it\/\">www.garanteprivacy.it<\/a>).<\/p>\n<p>&nbsp;<\/p>\n<\/div>\n<p>[\/vc_column_text][\/vc_column][\/vc_row][vc_row disable_element=&#8221;yes&#8221;][vc_column][vc_column_text]<\/p>\n<div class=\"textLayer\">\n<p><strong>INFORMATIVA AI SENSI DELL\u2019ART. 13 DEL REGOLAMENTO (UE) 2016\/679<\/strong><\/p>\n<p>Volteco S.p.A. con sede in Via delle Industrie, 47, 31050 Ponzano TV, email <a href=\"mailto:privacy@volteco.it\">privacy@volteco.it<\/a>, in qualit\u00e0 di titolare del trattamento dei suoi dati personali (di seguito \u201cTitolare\u201d), rilascia la presente informativa all\u2019Interessato nel rispetto della disciplina europea e italiana in materia di protezione dei dati personali per fornire adeguate informazioni sul trattamento dei dati effettuato.<\/p>\n<p><u>\u00a0<\/u><\/p>\n<p><strong><u>Finalit\u00e0 e base giuridica del trattamento<\/u><\/strong><\/p>\n<p>Il Titolare tratta i dati personali per tale finalit\u00e0: rispondere alle richieste inoltrate attraverso il presente form, ad esempio per ottenere informazioni su propri prodotti o servizi (compreso l\u2019invio della brochure, del catalogo e\/o di altro materiale informativo aziendale), per avere un preventivo, ecc.: in questo caso il consenso non \u00e8 richiesto perch\u00e9 il trattamento \u00e8 necessario per dare riscontro a tali richieste.<\/p>\n<p>&nbsp;<\/p>\n<p><strong><u>Periodo di conservazione dei dati<\/u><\/strong><\/p>\n<p>Il Titolare intende trattare i dati secondo i seguenti criteri temporali:<\/p>\n<ul>\n<li>qualora fossero richieste informazioni, i dati saranno trattati per il tempo necessario a dare riscontro;<\/li>\n<li>qualora fosse richiesto un preventivo, invece, i dati saranno trattati per un tempo massimo pari al doppio del periodo di efficacia della proposta, fatta salva l\u2019ulteriore conservazione per il tempo necessario alla definizione (comunque raggiunta) delle controversie eventualmente insorte.<\/li>\n<\/ul>\n<p>&nbsp;<\/p>\n<p><strong><u>Natura del conferimento dei dati e conseguenze in caso di rifiuto<\/u><\/strong><\/p>\n<p>Il conferimento dei dati per le predette finalit\u00e0 \u00e8 necessario e pertanto l&#8217;eventuale rifiuto a fornirli in tutto o in parte pu\u00f2 dar luogo all&#8217;impossibilit\u00e0 per il Titolare di perseguire le sopra indicate finalit\u00e0.<\/p>\n<p><strong><u>Categorie dei destinatari<\/u><\/strong><\/p>\n<p>Il Titolare non diffonder\u00e0 i dati, ma intende comunicarli a figure interne autorizzate al trattamento in ragione delle rispettive mansioni, nonch\u00e9 a societ\u00e0 del Gruppo, agenti di commercio, istituti di credito, societ\u00e0 di assicurazione del credito, di recupero credito, di informazioni commerciali, di factoring, di consulenza, ad associazioni e\/o organizzazioni imprenditoriali, a professionisti o societ\u00e0 di servizi, oltre che ad Enti Pubblici e privati, anche a seguito di ispezioni e verifiche.<\/p>\n<p>Tali destinatari, ove dovessero trattare dati per conto del Titolare, saranno nominati responsabili del trattamento con apposito contratto o altro atto giuridico.<\/p>\n<p><strong><u>Trasferimento dati verso un Paese terzo e\/o un\u2019organizzazione internazionale<\/u><\/strong><\/p>\n<p>I dati personali non saranno oggetto di trasferimento n\u00e9 verso Paesi terzi non europei n\u00e9 verso organizzazioni internazionali.<\/p>\n<p><strong><u>Diritti degli interessati <\/u><\/strong><\/p>\n<p>L\u2019interessato ha il diritto di chiedere al Titolare di accedere ai propri dati personali e di rettificarli se inesatti, di cancellarli o limitarne il trattamento se ne ricorrono i presupposti, di opporsi al loro trattamento per legittimi interessi perseguiti dal Titolare, nonch\u00e9 di ottenere la portabilit\u00e0 dei dati personalmente forniti solo se oggetto di un trattamento automatizzato basato sul consenso o sul contratto. L\u2019interessato ha altres\u00ec il diritto di revocare il consenso prestato per le finalit\u00e0 di trattamento che lo richiedono, ferma restando la liceit\u00e0 del trattamento effettuato sino al momento della revoca.<\/p>\n<p>Per esercitare i propri diritti, l\u2019Interessato pu\u00f2 utilizzare il modulo disponibile <a href=\"https:\/\/www.garanteprivacy.it\/web\/guest\/home\/docweb\/-\/docweb-display\/docweb\/1089924\">qui<\/a> e inoltrarlo al Titolare al seguente recapito: <a href=\"mailto:privacy@volteco.it\">privacy@volteco.it<\/a>. L\u2019Interessato ha anche il diritto di proporre reclamo all\u2019autorit\u00e0 di controllo competente in materia, Garante per la protezione dei dati personali (<a href=\"http:\/\/www.garanteprivacy.it\">www.garanteprivacy.it<\/a>).<\/p>\n<p>&nbsp;<\/p>\n<\/div>\n<p>[\/vc_column_text][\/vc_column][\/vc_row]<\/p>\n<\/div>","protected":false},"excerpt":{"rendered":"<p>[vc_row][vc_column][vc_column_text] INFORMATIVA SUL TRATTAMENTO DEI DATI PERSONALI Volteco S.p.A., Via delle Industrie, 47 a Ponzano Veneto (TV), email volteco@volteco.com, in qualit\u00e0 di titolare del trattamento dei dati personali (di seguito \u201cTitolare\u201d), rilascia la presente informativa all\u2019Interessato nel rispetto della disciplina europea e italiana in materia di protezione dei dati personali. &nbsp; Finalit\u00e0 e base giuridica<\/p>\n","protected":false},"author":1,"featured_media":0,"parent":0,"menu_order":10,"comment_status":"closed","ping_status":"closed","template":"","meta":{"_acf_changed":false,"om_disable_all_campaigns":false,"inline_featured_image":false,"footnotes":""},"class_list":["post-35781","page","type-page","status-publish","hentry"],"acf":[],"yoast_head":"<!-- This site is optimized with the Yoast SEO plugin v27.4 - https:\/\/yoast.com\/product\/yoast-seo-wordpress\/ -->\n<title>Chatbot e WhatsApp\u00ae Privacy Policy | Volteco<\/title>\n<meta name=\"robots\" content=\"index, follow, max-snippet:-1, max-image-preview:large, max-video-preview:-1\" \/>\n<link rel=\"canonical\" href=\"https:\/\/volteco.com\/it\/chat-e-whatsapp-privacy-policy\" \/>\n<meta property=\"og:locale\" content=\"it_IT\" \/>\n<meta property=\"og:type\" content=\"article\" \/>\n<meta property=\"og:title\" content=\"Chatbot e WhatsApp\u00ae Privacy Policy | Volteco\" \/>\n<meta property=\"og:description\" content=\"[vc_row][vc_column][vc_column_text] INFORMATIVA SUL TRATTAMENTO DEI DATI PERSONALI Volteco S.p.A., Via delle Industrie, 47 a Ponzano Veneto (TV), email volteco@volteco.com, in qualit\u00e0 di titolare del trattamento dei dati personali (di seguito \u201cTitolare\u201d), rilascia la presente informativa all\u2019Interessato nel rispetto della disciplina europea e italiana in materia di protezione dei dati personali. &nbsp; Finalit\u00e0 e base giuridica\" \/>\n<meta property=\"og:url\" content=\"https:\/\/volteco.com\/it\/chat-e-whatsapp-privacy-policy\" \/>\n<meta property=\"og:site_name\" content=\"Volteco\" \/>\n<meta property=\"article:publisher\" content=\"https:\/\/www.facebook.com\/VoltecoSpa\" \/>\n<meta property=\"article:modified_time\" content=\"2023-10-12T08:22:45+00:00\" \/>\n<meta property=\"og:image\" content=\"https:\/\/volteco.com\/wp-content\/uploads\/2021\/12\/social-preview-1.png\" \/>\n\t<meta property=\"og:image:width\" content=\"1200\" \/>\n\t<meta property=\"og:image:height\" content=\"628\" \/>\n\t<meta property=\"og:image:type\" content=\"image\/png\" \/>\n<meta name=\"twitter:card\" content=\"summary_large_image\" \/>\n<script type=\"application\/ld+json\" class=\"yoast-schema-graph\">{\"@context\":\"https:\\\/\\\/schema.org\",\"@graph\":[{\"@type\":\"WebPage\",\"@id\":\"https:\\\/\\\/volteco.com\\\/it\\\/chat-e-whatsapp-privacy-policy\",\"url\":\"https:\\\/\\\/volteco.com\\\/it\\\/chat-e-whatsapp-privacy-policy\",\"name\":\"Chatbot e WhatsApp\u00ae Privacy Policy | Volteco\",\"isPartOf\":{\"@id\":\"https:\\\/\\\/volteco.com\\\/it\\\/#website\"},\"datePublished\":\"2022-07-22T08:15:39+00:00\",\"dateModified\":\"2023-10-12T08:22:45+00:00\",\"breadcrumb\":{\"@id\":\"https:\\\/\\\/volteco.com\\\/it\\\/chat-e-whatsapp-privacy-policy#breadcrumb\"},\"inLanguage\":\"it-IT\",\"potentialAction\":[{\"@type\":\"ReadAction\",\"target\":[\"https:\\\/\\\/volteco.com\\\/it\\\/chat-e-whatsapp-privacy-policy\"]}]},{\"@type\":\"BreadcrumbList\",\"@id\":\"https:\\\/\\\/volteco.com\\\/it\\\/chat-e-whatsapp-privacy-policy#breadcrumb\",\"itemListElement\":[{\"@type\":\"ListItem\",\"position\":1,\"name\":\"Homepage\",\"item\":\"https:\\\/\\\/volteco.com\\\/it\"},{\"@type\":\"ListItem\",\"position\":2,\"name\":\"Chatbot e WhatsApp\u00ae Privacy Policy\"}]},{\"@type\":\"WebSite\",\"@id\":\"https:\\\/\\\/volteco.com\\\/it\\\/#website\",\"url\":\"https:\\\/\\\/volteco.com\\\/it\\\/\",\"name\":\"Volteco\",\"description\":\"Prodotti impermeabilizzanti\",\"publisher\":{\"@id\":\"https:\\\/\\\/volteco.com\\\/it\\\/#organization\"},\"potentialAction\":[{\"@type\":\"SearchAction\",\"target\":{\"@type\":\"EntryPoint\",\"urlTemplate\":\"https:\\\/\\\/volteco.com\\\/it\\\/?s={search_term_string}\"},\"query-input\":{\"@type\":\"PropertyValueSpecification\",\"valueRequired\":true,\"valueName\":\"search_term_string\"}}],\"inLanguage\":\"it-IT\"},{\"@type\":\"Organization\",\"@id\":\"https:\\\/\\\/volteco.com\\\/it\\\/#organization\",\"name\":\"Volteco S.p.A.\",\"url\":\"https:\\\/\\\/volteco.com\\\/it\\\/\",\"logo\":{\"@type\":\"ImageObject\",\"inLanguage\":\"it-IT\",\"@id\":\"https:\\\/\\\/volteco.com\\\/it\\\/#\\\/schema\\\/logo\\\/image\\\/\",\"url\":\"https:\\\/\\\/volteco.com\\\/wp-content\\\/uploads\\\/2021\\\/09\\\/Logo-color@2x.svg\",\"contentUrl\":\"https:\\\/\\\/volteco.com\\\/wp-content\\\/uploads\\\/2021\\\/09\\\/Logo-color@2x.svg\",\"width\":180,\"height\":54,\"caption\":\"Volteco S.p.A.\"},\"image\":{\"@id\":\"https:\\\/\\\/volteco.com\\\/it\\\/#\\\/schema\\\/logo\\\/image\\\/\"},\"sameAs\":[\"https:\\\/\\\/www.facebook.com\\\/VoltecoSpa\",\"https:\\\/\\\/www.instagram.com\\\/voltecospa\\\/\",\"https:\\\/\\\/www.linkedin.com\\\/company\\\/volteco-spa\",\"https:\\\/\\\/www.youtube.com\\\/user\\\/Voltecospa\"]}]}<\/script>\n<!-- \/ Yoast SEO plugin. -->","yoast_head_json":{"title":"Chatbot e WhatsApp\u00ae Privacy Policy | Volteco","robots":{"index":"index","follow":"follow","max-snippet":"max-snippet:-1","max-image-preview":"max-image-preview:large","max-video-preview":"max-video-preview:-1"},"canonical":"https:\/\/volteco.com\/it\/chat-e-whatsapp-privacy-policy","og_locale":"it_IT","og_type":"article","og_title":"Chatbot e WhatsApp\u00ae Privacy Policy | Volteco","og_description":"[vc_row][vc_column][vc_column_text] INFORMATIVA SUL TRATTAMENTO DEI DATI PERSONALI Volteco S.p.A., Via delle Industrie, 47 a Ponzano Veneto (TV), email volteco@volteco.com, in qualit\u00e0 di titolare del trattamento dei dati personali (di seguito \u201cTitolare\u201d), rilascia la presente informativa all\u2019Interessato nel rispetto della disciplina europea e italiana in materia di protezione dei dati personali. &nbsp; Finalit\u00e0 e base giuridica","og_url":"https:\/\/volteco.com\/it\/chat-e-whatsapp-privacy-policy","og_site_name":"Volteco","article_publisher":"https:\/\/www.facebook.com\/VoltecoSpa","article_modified_time":"2023-10-12T08:22:45+00:00","og_image":[{"width":1200,"height":628,"url":"https:\/\/volteco.com\/wp-content\/uploads\/2021\/12\/social-preview-1.png","type":"image\/png"}],"twitter_card":"summary_large_image","schema":{"@context":"https:\/\/schema.org","@graph":[{"@type":"WebPage","@id":"https:\/\/volteco.com\/it\/chat-e-whatsapp-privacy-policy","url":"https:\/\/volteco.com\/it\/chat-e-whatsapp-privacy-policy","name":"Chatbot e WhatsApp\u00ae Privacy Policy | Volteco","isPartOf":{"@id":"https:\/\/volteco.com\/it\/#website"},"datePublished":"2022-07-22T08:15:39+00:00","dateModified":"2023-10-12T08:22:45+00:00","breadcrumb":{"@id":"https:\/\/volteco.com\/it\/chat-e-whatsapp-privacy-policy#breadcrumb"},"inLanguage":"it-IT","potentialAction":[{"@type":"ReadAction","target":["https:\/\/volteco.com\/it\/chat-e-whatsapp-privacy-policy"]}]},{"@type":"BreadcrumbList","@id":"https:\/\/volteco.com\/it\/chat-e-whatsapp-privacy-policy#breadcrumb","itemListElement":[{"@type":"ListItem","position":1,"name":"Homepage","item":"https:\/\/volteco.com\/it"},{"@type":"ListItem","position":2,"name":"Chatbot e WhatsApp\u00ae Privacy Policy"}]},{"@type":"WebSite","@id":"https:\/\/volteco.com\/it\/#website","url":"https:\/\/volteco.com\/it\/","name":"Volteco","description":"Prodotti impermeabilizzanti","publisher":{"@id":"https:\/\/volteco.com\/it\/#organization"},"potentialAction":[{"@type":"SearchAction","target":{"@type":"EntryPoint","urlTemplate":"https:\/\/volteco.com\/it\/?s={search_term_string}"},"query-input":{"@type":"PropertyValueSpecification","valueRequired":true,"valueName":"search_term_string"}}],"inLanguage":"it-IT"},{"@type":"Organization","@id":"https:\/\/volteco.com\/it\/#organization","name":"Volteco S.p.A.","url":"https:\/\/volteco.com\/it\/","logo":{"@type":"ImageObject","inLanguage":"it-IT","@id":"https:\/\/volteco.com\/it\/#\/schema\/logo\/image\/","url":"https:\/\/volteco.com\/wp-content\/uploads\/2021\/09\/Logo-color@2x.svg","contentUrl":"https:\/\/volteco.com\/wp-content\/uploads\/2021\/09\/Logo-color@2x.svg","width":180,"height":54,"caption":"Volteco S.p.A."},"image":{"@id":"https:\/\/volteco.com\/it\/#\/schema\/logo\/image\/"},"sameAs":["https:\/\/www.facebook.com\/VoltecoSpa","https:\/\/www.instagram.com\/voltecospa\/","https:\/\/www.linkedin.com\/company\/volteco-spa","https:\/\/www.youtube.com\/user\/Voltecospa"]}]}},"_links":{"self":[{"href":"https:\/\/volteco.com\/it\/wp-json\/wp\/v2\/pages\/35781","targetHints":{"allow":["GET"]}}],"collection":[{"href":"https:\/\/volteco.com\/it\/wp-json\/wp\/v2\/pages"}],"about":[{"href":"https:\/\/volteco.com\/it\/wp-json\/wp\/v2\/types\/page"}],"author":[{"embeddable":true,"href":"https:\/\/volteco.com\/it\/wp-json\/wp\/v2\/users\/1"}],"replies":[{"embeddable":true,"href":"https:\/\/volteco.com\/it\/wp-json\/wp\/v2\/comments?post=35781"}],"version-history":[{"count":0,"href":"https:\/\/volteco.com\/it\/wp-json\/wp\/v2\/pages\/35781\/revisions"}],"wp:attachment":[{"href":"https:\/\/volteco.com\/it\/wp-json\/wp\/v2\/media?parent=35781"}],"curies":[{"name":"wp","href":"https:\/\/api.w.org\/{rel}","templated":true}]}}