{"id":483,"date":"2021-09-21T11:03:59","date_gmt":"2021-09-21T11:03:59","guid":{"rendered":"https:\/\/volteco.local\/?page_id=483"},"modified":"2025-07-24T08:08:05","modified_gmt":"2025-07-24T08:08:05","slug":"contatti","status":"publish","type":"page","link":"https:\/\/volteco.com\/it\/contatti","title":{"rendered":"Contatti"},"content":{"rendered":"<div class=\"wpb-content-wrapper\"><p>[vc_row][vc_column width=&#8221;2\/6&#8243;][vc_column_text]<\/p>\r\n<p><span class=\"medium-title\">Contatti<\/span><\/p>\r\n<p>Vuoi entrare in contatto con l&#8217;organizzazione Volteco? Contattaci compilando il modulo seguente, formula la tua richiesta e verrai quanto prima contattato da un nostro incaricato.<\/p>\r\n<p>[\/vc_column_text][vc_row_inner][vc_column_inner el_class=&#8221;chat-link&#8221;][\/vc_column_inner][\/vc_row_inner]<a    class=\"d-table btn btn-volteco action__btn-request  waterproof-toggler\"><i class=\"me-2 bi bi-chat\"><\/i>Scrivici in chat<\/a>[vc_empty_space height=&#8221;20px&#8221;]<a  target=\"_blank\"    href=\"https:\/\/volteco.com\/it\/richiedi-una-consulenza\"  class=\"d-table btn btn-volteco action__btn-request \"><i class=\"me-2 bi bi-zoom-in\"><\/i>Richiedi un sopralluogo specialistico<\/a>[vc_empty_space height=&#8221;20px&#8221;]<a  target=\"\"    href=\"tel:\/\/800132902\"  class=\"d-table btn btn-volteco action__btn-request \"><i class=\"me-2 bi bi-telephone-fill\"><\/i>Chiama il numero verde<\/a>[vc_empty_space height=&#8221;20px&#8221;]<a  target=\"_blank\"    href=\"https:\/\/volteco.com\/it\/consulenza-e-sopralluogo\"  class=\"d-table btn btn-volteco action__btn-request \"><i class=\"me-2 bi bi-info-circle\"><\/i>Richiedi una consulenza<\/a>[vc_empty_space height=&#8221;50px&#8221;][vc_gutenberg]\t\t<div\n            id=\"wpmapblock_0\"\n            data-settings='{&quot;map_marker&quot;:[{&quot;lat&quot;:&quot;45.73226160147138&quot;,&quot;lng&quot;:&quot;12.201826534334621&quot;,&quot;title&quot;:&quot;&quot;,&quot;content&quot;:&quot;&quot;,&quot;iconType&quot;:&quot;custom&quot;,&quot;customIconUrl&quot;:&quot;https:\\\/\\\/volteco.com\\\/wp-content\\\/uploads\\\/2021\\\/11\\\/marker.png&quot;,&quot;customIconWidth&quot;:&quot;38&quot;,&quot;customIconHeight&quot;:&quot;50&quot;}],&quot;map_zoom&quot;:10,&quot;scroll_wheel_zoom&quot;:false,&quot;map_type&quot;:&quot;GM&quot;,&quot;center_index&quot;:0}'\n            class=\"wpmapblockrender\"\n            style=\"\n\t\t\twidth: 100%;\n\t\t\theight: 500px;\n\t\t\"\n            >\n        <\/div>\n        [\/vc_gutenberg][vc_empty_space height=&#8221;20px&#8221;][vc_column_text]<\/p>\r\n<p><small><strong>Volteco S.p.A.<\/strong><br \/>Via Delle Industrie, 47<br \/>31050 Ponzano Veneto (TV)<br \/>Tel. +39.0422.9663 &#8211; Fax +39.0422.966401<br \/>Codice fiscale e numero di iscrizione al Registro delle imprese di Treviso: 01926260264<br \/><\/small><small>Partita IVA: IT01926260264<br \/><\/small><small>Capitale sociale: euro 1.560.000,00 i.v.<br \/>Codice destinatario: (SDI) M5ITOJA<br \/><\/small><\/p>\r\n<p>[\/vc_column_text][\/vc_column][vc_column width=&#8221;4\/6&#8243;][vc_empty_space height=&#8221;50px&#8221; el_class=&#8221;d-block d-md-none&#8221;]\n<div class=\"wpcf7 no-js\" id=\"wpcf7-f10227-o1\" lang=\"it-IT\" dir=\"ltr\" data-wpcf7-id=\"10227\">\n<div class=\"screen-reader-response\"><p role=\"status\" aria-live=\"polite\" aria-atomic=\"true\"><\/p> <ul><\/ul><\/div>\n<form action=\"\/it\/wp-json\/wp\/v2\/pages\/483#wpcf7-f10227-o1\" method=\"post\" class=\"wpcf7-form init wpcf7-acceptance-as-validation\" aria-label=\"Modulo di contatto\" novalidate=\"novalidate\" data-status=\"init\">\n<fieldset class=\"hidden-fields-container\"><input type=\"hidden\" name=\"_wpcf7\" value=\"10227\" \/><input type=\"hidden\" name=\"_wpcf7_version\" value=\"6.1.5\" \/><input type=\"hidden\" name=\"_wpcf7_locale\" value=\"it_IT\" \/><input type=\"hidden\" name=\"_wpcf7_unit_tag\" value=\"wpcf7-f10227-o1\" \/><input type=\"hidden\" name=\"_wpcf7_container_post\" value=\"0\" \/><input type=\"hidden\" name=\"_wpcf7_posted_data_hash\" value=\"\" \/><input type=\"hidden\" name=\"_wpcf7_recaptcha_response\" value=\"\" \/>\n<\/fieldset>\n<input type=\"hidden\" name=\"toApp\" value=\"1\" \/>\n<input type=\"hidden\" name=\"appType\" value=\"INFO\" \/>\n<input type=\"hidden\" name=\"origin\" value=\"VOLI\" \/>\n<div id=\"main-form\" class=\"rounded\">\n<div class=\"row\">\n<div class=\"col-12\"><div class=\"wpcf7-response-output\" aria-hidden=\"true\"><\/div><\/div>\n    <div class=\"col-12 mb-3\">\n        <label for=\"subject\" class=\"form-label\">Oggetto<sup>*<\/sup><\/label>\n        <span class=\"wpcf7-form-control-wrap\" data-name=\"subject\"><select class=\"wpcf7-form-control wpcf7-select wpcf7-validates-as-required form-control\" id=\"subject\" aria-required=\"true\" aria-invalid=\"false\" name=\"subject\"><option value=\"\">&#8212;Seleziona un&#039;opzione&#8212;<\/option><option value=\"Richiesta informazioni\">Richiesta informazioni<\/option><option value=\"Richiesta sopralluogo\">Richiesta sopralluogo<\/option><\/select><\/span>\n    <\/div>\n<hr>\n    <div class=\"col-md-6 mb-3\">\n        <label for=\"firstname\" class=\"form-label\">Nome<sup>*<\/sup><\/label>\n        <span class=\"wpcf7-form-control-wrap\" data-name=\"firstname\"><input size=\"40\" maxlength=\"400\" class=\"wpcf7-form-control wpcf7-text wpcf7-validates-as-required form-control\" id=\"firstname\" aria-required=\"true\" aria-invalid=\"false\" value=\"\" type=\"text\" name=\"firstname\" \/><\/span>\n    <\/div>\n    <div class=\"col-md-6 mb-3\">\n        <label for=\"lastname\" class=\"form-label\">Cognome<sup>*<\/sup><\/label>\n        <span class=\"wpcf7-form-control-wrap\" data-name=\"lastname\"><input size=\"40\" maxlength=\"400\" class=\"wpcf7-form-control wpcf7-text wpcf7-validates-as-required form-control\" id=\"lastname\" aria-required=\"true\" aria-invalid=\"false\" value=\"\" type=\"text\" name=\"lastname\" \/><\/span>\n    <\/div>\n    <div class=\"col-md-6 mb-3\">\n        <label for=\"email\" class=\"form-label\">Email<sup>*<\/sup><\/label>\n        <span class=\"wpcf7-form-control-wrap\" data-name=\"email\"><input size=\"40\" maxlength=\"400\" class=\"wpcf7-form-control wpcf7-email wpcf7-validates-as-required wpcf7-text wpcf7-validates-as-email form-control\" id=\"email\" aria-required=\"true\" aria-invalid=\"false\" value=\"\" type=\"email\" name=\"email\" \/><\/span>\n    <\/div>\n    <div class=\"col-md-6 mb-3\">\n        <label for=\"phone\" class=\"form-label\">Telefono<sup>*<\/sup><\/label>\n        <span class=\"wpcf7-form-control-wrap\" data-name=\"phone\"><input size=\"40\" maxlength=\"400\" class=\"wpcf7-form-control wpcf7-text wpcf7-validates-as-required form-control\" id=\"phone\" aria-required=\"true\" aria-invalid=\"false\" value=\"\" type=\"text\" name=\"phone\" \/><\/span>\n    <\/div>\n    <div class=\"col-md-6 mb-3\">\n        <label for=\"address\" class=\"form-label\">Indirizzo<\/label>\n        <span class=\"wpcf7-form-control-wrap\" data-name=\"address\"><input size=\"40\" maxlength=\"400\" class=\"wpcf7-form-control wpcf7-text form-control\" id=\"address\" aria-invalid=\"false\" value=\"\" type=\"text\" name=\"address\" \/><\/span>\n    <\/div>\n    <div class=\"col-md-6 mb-3\">\n        <label for=\"city\" class=\"form-label\">Citt\u00e0<\/label>\n        <span class=\"wpcf7-form-control-wrap\" data-name=\"city\"><input size=\"40\" maxlength=\"400\" class=\"wpcf7-form-control wpcf7-text form-control\" id=\"city\" aria-invalid=\"false\" value=\"\" type=\"text\" name=\"city\" \/><\/span>\n    <\/div>\n    <div class=\"col-md-2 mb-3\">\n        <label for=\"zip\" class=\"form-label\">CAP<\/label>\n        <span class=\"wpcf7-form-control-wrap\" data-name=\"zip\"><input size=\"40\" maxlength=\"5\" minlength=\"5\" class=\"wpcf7-form-control wpcf7-text form-control\" id=\"zip\" aria-invalid=\"false\" value=\"\" type=\"text\" name=\"zip\" \/><\/span>\n    <\/div>\n    <div class=\"col-md-4 mb-3\">\n        <label for=\"province\" class=\"form-label\">Provincia<\/label>\n        [province]\n    <\/div>\n    <div class=\"col-md-6 mb-3\">\n        <label for=\"country\" class=\"form-label\">Stato<\/label>\n        <span class=\"wpcf7-form-control-wrap\" data-name=\"country\"><input size=\"40\" maxlength=\"400\" class=\"wpcf7-form-control wpcf7-text form-control\" id=\"country\" aria-invalid=\"false\" value=\"\" type=\"text\" name=\"country\" \/><\/span>\n    <\/div>\n<div class=\"col-12 mb-3\">\n<label for=\"message\" class=\"form-label\">Messaggio<\/label>\n<span class=\"wpcf7-form-control-wrap\" data-name=\"message\"><textarea cols=\"40\" rows=\"10\" maxlength=\"2000\" class=\"wpcf7-form-control wpcf7-textarea form-control\" id=\"message\" aria-invalid=\"false\" name=\"message\"><\/textarea><\/span>\n<\/div>\n<div class=\"col-12 mb-3\"><small>*I campi contrassegnati con l'asterisco sono obbligatori<\/small><\/div>\n    <div class=\"col-12 mb-3\">\n\n    \n\n    <div class=\"box_informativa_privacy\">    \n        <p style=\"text-align: center;\">\n            <strong>INFORMATIVA AI SENSI DELLA DISCIPLINA SULLA TUTELA DEI DATI PERSONALI.<\/strong>\n        <\/p>\n        <p>La presente Informativa viene resa ai sensi e per gli effetti dell\u2019art. 13 del Regolamento (UE) 2016\/679 (di\n            seguito \u201cGDPR\u201d), relativo alla protezione delle persone fisiche con riguardo al trattamento dei dati\n            personali.\n        <\/p>\n        <p>Il presente sito web (di seguito \u201cSito\u201d) e tutti i servizi che qui vengono erogati (di seguito \u201cServizi\u201d) non\n            sono destinati a minori di 16 anni e Volteco S.p.A., nella sua qualit\u00e0 di titolare del trattamento (di\n            seguito\n            \u201cSociet\u00e0\u201d o \u201cTitolare\u201d), non raccoglie intenzionalmente informazioni personali riferite ai minori. Nel caso\n            in\n            cui informazioni su minori fossero involontariamente registrate, su richiesta degli utenti il Titolare le\n            canceller\u00e0 tempestivamente.\n        <\/p>\n        <p><strong><u>Base giuridica e finalit\u00e0 del trattamento<\/u><\/strong><\/p>\n        <p>I Suoi dati personali sono trattati:<\/p>\n        <ol>\n            <li>A) senza il Suo consenso espresso, per le seguenti finalit\u00e0 di\n                servizio\/fruibilit\u00e0 del Sito:<\/li>\n        <\/ol>\n        <ul>\n            <li>gestire e mantenere il Sito;<\/li>\n            <li>permetterLe di fruire dei Servizi eventualmente da Lei richiesti;<\/li>\n            <li>partecipare tramite il Sito ad iniziative organizzate dal Titolare (ad esempio, eventi);<\/li>\n            <li>processare una richiesta di contatto;<\/li>\n            <li>adempiere agli obblighi previsti dalla legge, da un regolamento, dalla normativa comunitaria o da un\n                ordine\n                dell\u2019Autorit\u00e0;<\/li>\n            <li>prevenire o scoprire attivit\u00e0 fraudolente o abusi dannosi per il Sito;\n            <\/li>\n            <li>esercitare i diritti del Titolare;<\/li>\n        <\/ul>\n        <p>in relazione a tali finalit\u00e0, il Suo consenso non \u00e8 richiesto perch\u00e9 il trattamento dei dati \u00e8 necessario per\n            fornire i Servizi richiesti o per adempiere ad un obbligo legale;<\/p>\n        <ol>\n            <li>B) solo previo Suo specifico e distinto consenso, per le seguenti altre finalit\u00e0:<\/li>\n        <\/ol>\n        <ul>\n            <li>inviarLe via e-mail sondaggi di opinione e di gradimento, newsletter e\/o inviti ad eventi o iscriverLa\n                ad\n                eventi di cui il Titolare sia parte o l\u2019organizzatore (di seguito \u201cMarketing\u201d);<\/li>\n        <\/ul>\n        <p><strong><u>Periodo di conservazione dei dati<\/u><\/strong><\/p>\n        <p>I Suoi dati personali saranno trattati per il tempo strettamente indispensabile al perseguimento delle sopra\n            indicate finalit\u00e0, trascorso il quale saranno cancellati o resi anonimi.<\/p>\n        <p>Con specifico riguardo alle finalit\u00e0 descritte al punto B) per 24 mesi dall\u2019ultima comunicazione che le\n            invieremo\n            con riferimento a quelle di Marketing, salvo intervenga prima la revoca del Suo consenso.<\/p>\n        <p><strong><u>Natura del conferimento dei dati e conseguenze in caso di rifiuto<\/u><\/strong><\/p>\n        <p>Il conferimento dei dati per le Finalit\u00e0 di cui al punto A) \u00e8 necessario per effettuare la registrazione al\n            Sito\n            e per poter usufruire dei servizi offerti.<\/p>\n        <p>Il conferimento dei dati per le finalit\u00e0 di cui al punto B) \u00e8 facoltativo. Potr\u00e0 quindi decidere di non\n            conferire\n            alcun dato o di negare successivamente la possibilit\u00e0 di trattare dati gi\u00e0 forniti: in tal caso, non potr\u00e0\n            ricevere via e-mail inviti ad eventi, newsletter e sondaggi di opinione e di gradimento. Continuer\u00e0 a\n            ricevere i\n            servizi di cui al punto A).<\/p>\n        <p><strong><u>Ambito di comunicazione dei dati e categorie di destinatari<\/u><\/strong><\/p>\n        <p>I Suoi dati potranno essere comunicati:<\/p>\n        <ul>\n            <li>per le finalit\u00e0 di cui al punto A), a dipendenti e collaboratori del Titolare, nella loro qualit\u00e0 di\n                autorizzati del trattamento e\/o amministratori di sistema;<\/li>\n            <li>per le finalit\u00e0 di cui al punto B), a societ\u00e0 terze o altri soggetti es. societ\u00e0 esterne che svolgono\n                attivit\u00e0 in outsourcing per conto del Titolare in qualit\u00e0 di responsabili del trattamento;<\/li>\n        <\/ul>\n        <p>qualora i Suoi dati dovessero essere trattati per conto della Societ\u00e0 da parte di soggetti terzi, questi\n            saranno\n            designati come responsabili del trattamento con apposito contratto od altro atto giuridico; i Suoi dati non\n            saranno in ogni caso oggetto di diffusione.<\/p>\n        <p><strong><u>Trasferimento dati verso un paese terzo e\/o un\u2019organizzazione internazionale<\/u><\/strong><\/p>\n        <p>I Suoi dati personali non saranno oggetto di trasferimento presso Paesi Terzi non europei.<\/p>\n        <p><strong><u>Diritti degli interessati <\/u><\/strong><\/p>\n        <p>Lei ha il diritto (v. artt. 15 -22 del GDPR) di chiedere alla ns. Societ\u00e0 di accedere ai Suoi dati personali\n            e di\n            rettificarli se inesatti, di cancellarli o limitarne il trattamento se ne ricorrono i presupposti, nonch\u00e9 di\n            ottenere la portabilit\u00e0 dei dati da Lei forniti solo se oggetto di un trattamento automatizzato basato sul\n            Suo\n            consenso o sul contratto.<\/p>\n        <p>Lei ha altres\u00ec il diritto di revocare il consenso prestato per le finalit\u00e0 di trattamento che lo richiedono,\n            ferma restando la liceit\u00e0 del trattamento effettuato sino al momento della revoca.<\/p>\n        <p>Lei ha anche il diritto di proporre reclamo all\u2019autorit\u00e0 di controllo competente in materia, Garante per la\n            protezione dei dati personali.<\/p>\n        <p><strong><u>Soggetti del trattamento<\/u><\/strong><\/p>\n        <p>Titolare del trattamento \u00e8 Volteco S.p.A. contattabile all\u2019indirizzo Via delle Industrie, 47 - 31050 Ponzano\n            Veneto (TV).<\/p>\n        <p>Ultimo aggiornamento: dicembre 2018<\/p>\n        <p>La presente Informativa potr\u00e0 subire variazioni. Si consiglia, quindi, di controllare regolarmente questa\n            pagina\n            web e di tenere in considerazione la versione pi\u00f9 aggiornata dell\u2019informativa ivi riportata.<\/p>\n    <\/div>\n<\/div>\n<div class=\"col-12\">\n    <p>Presa visione della sopra esposta informativa, il sottoscritto<\/p>\n    <span class=\"wpcf7-form-control-wrap privacy\">\n        <span class=\"wpcf7-form-control wpcf7-checkbox wpcf7-validates-as-required wpcf7-exclusive-checkbox\">\n            <span class=\"wpcf7-list-item first\">\n                <label>\n                    <input type=\"checkbox\" name=\"privacy\" value=\"1\">\n                    <span class=\"wpcf7-list-item-label\"> Esprime il consenso<\/span>\n                <\/label>\n            <\/span>\n            <span class=\"wpcf7-list-item last\">\n                <label>\n                    <input type=\"checkbox\" name=\"privacy\" value=\"2\">\n                    <span class=\"wpcf7-list-item-label\"> NON esprime il consenso<\/span>\n                <\/label>\n            <\/span>\n        <\/span>\n    <\/span>\n    <p>al trattamento dei propri dati personali per <span style='text-decoration:underline;font-weight:700'>finalit\u00e0 di\n            Marketing<\/span> in particolare relative alla ricezione di newsletter e di comunicazioni tramite posta\n        elettronica.<\/p>\n\n        \n<\/div>\n<div class=\"wpcf7-response-output\" aria-hidden=\"true\"><\/div>\n    <div class=\"col-12 text-center mt-3\">\n        <input class=\"wpcf7-form-control wpcf7-submit has-spinner btn btn-volteco\" type=\"submit\" value=\"Invia\" \/>\n    <\/div>\n<\/div>\n<\/div>\n<\/form>\n<\/div>\n[\/vc_column][\/vc_row]<\/p><\/div>","protected":false},"excerpt":{"rendered":"<p>[vc_row][vc_column width=&#8221;2\/6&#8243;][vc_column_text] Contatti Vuoi entrare in contatto con l&#8217;organizzazione Volteco? Contattaci compilando il modulo seguente, formula la tua richiesta e verrai quanto prima contattato da un nostro incaricato. [\/vc_column_text][vc_row_inner][vc_column_inner el_class=&#8221;chat-link&#8221;][\/vc_column_inner][\/vc_row_inner][vc_empty_space height=&#8221;20px&#8221;][vc_empty_space height=&#8221;20px&#8221;][vc_empty_space height=&#8221;20px&#8221;][vc_empty_space height=&#8221;50px&#8221;][vc_gutenberg][\/vc_gutenberg][vc_empty_space height=&#8221;20px&#8221;][vc_column_text] Volteco S.p.A.Via Delle Industrie, 4731050 Ponzano Veneto (TV)Tel. +39.0422.9663 &#8211; Fax +39.0422.966401Codice fiscale e numero di iscrizione al Registro delle<\/p>\n","protected":false},"author":1,"featured_media":0,"parent":0,"menu_order":27,"comment_status":"closed","ping_status":"closed","template":"","meta":{"_acf_changed":false,"om_disable_all_campaigns":false,"inline_featured_image":false,"footnotes":""},"class_list":["post-483","page","type-page","status-publish","hentry"],"acf":[],"yoast_head":"<!-- This site is optimized with the Yoast SEO plugin v27.3 - https:\/\/yoast.com\/product\/yoast-seo-wordpress\/ -->\n<title>Contatti | Volteco<\/title>\n<meta name=\"robots\" content=\"index, follow, max-snippet:-1, max-image-preview:large, max-video-preview:-1\" \/>\n<link rel=\"canonical\" href=\"https:\/\/volteco.com\/it\/contatti\" \/>\n<meta property=\"og:locale\" content=\"it_IT\" \/>\n<meta property=\"og:type\" content=\"article\" \/>\n<meta property=\"og:title\" content=\"Contatti | Volteco\" \/>\n<meta property=\"og:description\" content=\"[vc_row][vc_column width=&#8221;2\/6&#8243;][vc_column_text] Contatti Vuoi entrare in contatto con l&#8217;organizzazione Volteco? Contattaci compilando il modulo seguente, formula la tua richiesta e verrai quanto prima contattato da un nostro incaricato. [\/vc_column_text][vc_row_inner][vc_column_inner el_class=&#8221;chat-link&#8221;][\/vc_column_inner][\/vc_row_inner][vc_empty_space height=&#8221;20px&#8221;][vc_empty_space height=&#8221;20px&#8221;][vc_empty_space height=&#8221;20px&#8221;][vc_empty_space height=&#8221;50px&#8221;][vc_gutenberg][\/vc_gutenberg][vc_empty_space height=&#8221;20px&#8221;][vc_column_text] Volteco S.p.A.Via Delle Industrie, 4731050 Ponzano Veneto (TV)Tel. +39.0422.9663 &#8211; Fax +39.0422.966401Codice fiscale e numero di iscrizione al Registro delle\" \/>\n<meta property=\"og:url\" content=\"https:\/\/volteco.com\/it\/contatti\" \/>\n<meta property=\"og:site_name\" content=\"Volteco\" \/>\n<meta property=\"article:publisher\" content=\"https:\/\/www.facebook.com\/VoltecoSpa\" \/>\n<meta property=\"article:modified_time\" content=\"2025-07-24T08:08:05+00:00\" \/>\n<meta property=\"og:image\" content=\"https:\/\/volteco.com\/wp-content\/uploads\/2021\/12\/social-preview-1.png\" \/>\n\t<meta property=\"og:image:width\" content=\"1200\" \/>\n\t<meta property=\"og:image:height\" content=\"628\" \/>\n\t<meta property=\"og:image:type\" content=\"image\/png\" \/>\n<meta name=\"twitter:card\" content=\"summary_large_image\" \/>\n<script type=\"application\/ld+json\" class=\"yoast-schema-graph\">{\"@context\":\"https:\\\/\\\/schema.org\",\"@graph\":[{\"@type\":\"WebPage\",\"@id\":\"https:\\\/\\\/volteco.com\\\/it\\\/contatti\",\"url\":\"https:\\\/\\\/volteco.com\\\/it\\\/contatti\",\"name\":\"Contatti | Volteco\",\"isPartOf\":{\"@id\":\"https:\\\/\\\/volteco.com\\\/it\\\/#website\"},\"datePublished\":\"2021-09-21T11:03:59+00:00\",\"dateModified\":\"2025-07-24T08:08:05+00:00\",\"breadcrumb\":{\"@id\":\"https:\\\/\\\/volteco.com\\\/it\\\/contatti#breadcrumb\"},\"inLanguage\":\"it-IT\",\"potentialAction\":[{\"@type\":\"ReadAction\",\"target\":[\"https:\\\/\\\/volteco.com\\\/it\\\/contatti\"]}]},{\"@type\":\"BreadcrumbList\",\"@id\":\"https:\\\/\\\/volteco.com\\\/it\\\/contatti#breadcrumb\",\"itemListElement\":[{\"@type\":\"ListItem\",\"position\":1,\"name\":\"Homepage\",\"item\":\"https:\\\/\\\/volteco.com\\\/it\"},{\"@type\":\"ListItem\",\"position\":2,\"name\":\"Contatti\"}]},{\"@type\":\"WebSite\",\"@id\":\"https:\\\/\\\/volteco.com\\\/it\\\/#website\",\"url\":\"https:\\\/\\\/volteco.com\\\/it\\\/\",\"name\":\"Volteco\",\"description\":\"Prodotti impermeabilizzanti\",\"publisher\":{\"@id\":\"https:\\\/\\\/volteco.com\\\/it\\\/#organization\"},\"potentialAction\":[{\"@type\":\"SearchAction\",\"target\":{\"@type\":\"EntryPoint\",\"urlTemplate\":\"https:\\\/\\\/volteco.com\\\/it\\\/?s={search_term_string}\"},\"query-input\":{\"@type\":\"PropertyValueSpecification\",\"valueRequired\":true,\"valueName\":\"search_term_string\"}}],\"inLanguage\":\"it-IT\"},{\"@type\":\"Organization\",\"@id\":\"https:\\\/\\\/volteco.com\\\/it\\\/#organization\",\"name\":\"Volteco S.p.A.\",\"url\":\"https:\\\/\\\/volteco.com\\\/it\\\/\",\"logo\":{\"@type\":\"ImageObject\",\"inLanguage\":\"it-IT\",\"@id\":\"https:\\\/\\\/volteco.com\\\/it\\\/#\\\/schema\\\/logo\\\/image\\\/\",\"url\":\"https:\\\/\\\/volteco.com\\\/wp-content\\\/uploads\\\/2021\\\/09\\\/Logo-color@2x.svg\",\"contentUrl\":\"https:\\\/\\\/volteco.com\\\/wp-content\\\/uploads\\\/2021\\\/09\\\/Logo-color@2x.svg\",\"width\":180,\"height\":54,\"caption\":\"Volteco S.p.A.\"},\"image\":{\"@id\":\"https:\\\/\\\/volteco.com\\\/it\\\/#\\\/schema\\\/logo\\\/image\\\/\"},\"sameAs\":[\"https:\\\/\\\/www.facebook.com\\\/VoltecoSpa\",\"https:\\\/\\\/www.instagram.com\\\/voltecospa\\\/\",\"https:\\\/\\\/www.linkedin.com\\\/company\\\/volteco-spa\",\"https:\\\/\\\/www.youtube.com\\\/user\\\/Voltecospa\"]}]}<\/script>\n<!-- \/ Yoast SEO plugin. -->","yoast_head_json":{"title":"Contatti | Volteco","robots":{"index":"index","follow":"follow","max-snippet":"max-snippet:-1","max-image-preview":"max-image-preview:large","max-video-preview":"max-video-preview:-1"},"canonical":"https:\/\/volteco.com\/it\/contatti","og_locale":"it_IT","og_type":"article","og_title":"Contatti | Volteco","og_description":"[vc_row][vc_column width=&#8221;2\/6&#8243;][vc_column_text] Contatti Vuoi entrare in contatto con l&#8217;organizzazione Volteco? Contattaci compilando il modulo seguente, formula la tua richiesta e verrai quanto prima contattato da un nostro incaricato. [\/vc_column_text][vc_row_inner][vc_column_inner el_class=&#8221;chat-link&#8221;][\/vc_column_inner][\/vc_row_inner][vc_empty_space height=&#8221;20px&#8221;][vc_empty_space height=&#8221;20px&#8221;][vc_empty_space height=&#8221;20px&#8221;][vc_empty_space height=&#8221;50px&#8221;][vc_gutenberg][\/vc_gutenberg][vc_empty_space height=&#8221;20px&#8221;][vc_column_text] Volteco S.p.A.Via Delle Industrie, 4731050 Ponzano Veneto (TV)Tel. +39.0422.9663 &#8211; Fax +39.0422.966401Codice fiscale e numero di iscrizione al Registro delle","og_url":"https:\/\/volteco.com\/it\/contatti","og_site_name":"Volteco","article_publisher":"https:\/\/www.facebook.com\/VoltecoSpa","article_modified_time":"2025-07-24T08:08:05+00:00","og_image":[{"width":1200,"height":628,"url":"https:\/\/volteco.com\/wp-content\/uploads\/2021\/12\/social-preview-1.png","type":"image\/png"}],"twitter_card":"summary_large_image","schema":{"@context":"https:\/\/schema.org","@graph":[{"@type":"WebPage","@id":"https:\/\/volteco.com\/it\/contatti","url":"https:\/\/volteco.com\/it\/contatti","name":"Contatti | Volteco","isPartOf":{"@id":"https:\/\/volteco.com\/it\/#website"},"datePublished":"2021-09-21T11:03:59+00:00","dateModified":"2025-07-24T08:08:05+00:00","breadcrumb":{"@id":"https:\/\/volteco.com\/it\/contatti#breadcrumb"},"inLanguage":"it-IT","potentialAction":[{"@type":"ReadAction","target":["https:\/\/volteco.com\/it\/contatti"]}]},{"@type":"BreadcrumbList","@id":"https:\/\/volteco.com\/it\/contatti#breadcrumb","itemListElement":[{"@type":"ListItem","position":1,"name":"Homepage","item":"https:\/\/volteco.com\/it"},{"@type":"ListItem","position":2,"name":"Contatti"}]},{"@type":"WebSite","@id":"https:\/\/volteco.com\/it\/#website","url":"https:\/\/volteco.com\/it\/","name":"Volteco","description":"Prodotti impermeabilizzanti","publisher":{"@id":"https:\/\/volteco.com\/it\/#organization"},"potentialAction":[{"@type":"SearchAction","target":{"@type":"EntryPoint","urlTemplate":"https:\/\/volteco.com\/it\/?s={search_term_string}"},"query-input":{"@type":"PropertyValueSpecification","valueRequired":true,"valueName":"search_term_string"}}],"inLanguage":"it-IT"},{"@type":"Organization","@id":"https:\/\/volteco.com\/it\/#organization","name":"Volteco S.p.A.","url":"https:\/\/volteco.com\/it\/","logo":{"@type":"ImageObject","inLanguage":"it-IT","@id":"https:\/\/volteco.com\/it\/#\/schema\/logo\/image\/","url":"https:\/\/volteco.com\/wp-content\/uploads\/2021\/09\/Logo-color@2x.svg","contentUrl":"https:\/\/volteco.com\/wp-content\/uploads\/2021\/09\/Logo-color@2x.svg","width":180,"height":54,"caption":"Volteco S.p.A."},"image":{"@id":"https:\/\/volteco.com\/it\/#\/schema\/logo\/image\/"},"sameAs":["https:\/\/www.facebook.com\/VoltecoSpa","https:\/\/www.instagram.com\/voltecospa\/","https:\/\/www.linkedin.com\/company\/volteco-spa","https:\/\/www.youtube.com\/user\/Voltecospa"]}]}},"_links":{"self":[{"href":"https:\/\/volteco.com\/it\/wp-json\/wp\/v2\/pages\/483","targetHints":{"allow":["GET"]}}],"collection":[{"href":"https:\/\/volteco.com\/it\/wp-json\/wp\/v2\/pages"}],"about":[{"href":"https:\/\/volteco.com\/it\/wp-json\/wp\/v2\/types\/page"}],"author":[{"embeddable":true,"href":"https:\/\/volteco.com\/it\/wp-json\/wp\/v2\/users\/1"}],"replies":[{"embeddable":true,"href":"https:\/\/volteco.com\/it\/wp-json\/wp\/v2\/comments?post=483"}],"version-history":[{"count":5,"href":"https:\/\/volteco.com\/it\/wp-json\/wp\/v2\/pages\/483\/revisions"}],"predecessor-version":[{"id":65173,"href":"https:\/\/volteco.com\/it\/wp-json\/wp\/v2\/pages\/483\/revisions\/65173"}],"wp:attachment":[{"href":"https:\/\/volteco.com\/it\/wp-json\/wp\/v2\/media?parent=483"}],"curies":[{"name":"wp","href":"https:\/\/api.w.org\/{rel}","templated":true}]}}